{"id":189,"date":"2025-09-18T11:42:34","date_gmt":"2025-09-18T11:42:34","guid":{"rendered":"http:\/\/imkerei-welter.de\/?post_type=product&#038;p=189"},"modified":"2025-12-17T15:02:16","modified_gmt":"2025-12-17T15:02:16","slug":"fruehstuecksbrett-personalisiert","status":"publish","type":"product","link":"http:\/\/imkerei-welter.de\/?product=fruehstuecksbrett-personalisiert","title":{"rendered":"Fr\u00fchst\u00fccksbrett Personalisiert"},"content":{"rendered":"<p>Starten Sie stilvoll in den Tag mit unserem <strong>handgefertigten Fr\u00fchst\u00fccksbrett<\/strong>, das Sie nach Wunsch personalisieren lassen k\u00f6nnen. Jedes Brett wird sorgf\u00e4ltig aus hochwertigem Holz gefertigt und individuell graviert \u2013 perfekt als Geschenk oder f\u00fcr den eigenen Fr\u00fchst\u00fcckstisch.<\/p>\n<ul>\n<li><strong>Material:<\/strong> Hochwertiges Holz, langlebig und robust<\/li>\n<li><strong>Handgefertigt:<\/strong> Jedes Brett ein Unikat<\/li>\n<li><strong>Personalisierbar:<\/strong> Name, Datum oder kurze Botschaft m\u00f6glich<\/li>\n<li><strong>Besonderheiten:<\/strong> Nachhaltig, liebevoll verarbeitet<\/li>\n<\/ul>\n<p>Ideal f\u00fcr besondere Anl\u00e4sse wie Geburtstage, Hochzeiten oder Jubil\u00e4en \u2013 oder einfach f\u00fcr ein sch\u00f6nes Fr\u00fchst\u00fcck zu Hause.<\/p>\n","protected":false},"excerpt":{"rendered":"<p>Starten Sie stilvoll in den Tag mit unserem handgefertigten Fr\u00fchst\u00fccksbrett, das Sie nach Wunsch personalisieren lassen k\u00f6nnen. Jedes Brett wird sorgf\u00e4ltig aus hochwertigem Holz gefertigt und individuell graviert \u2013 perfekt als Geschenk oder f\u00fcr den eigenen Fr\u00fchst\u00fcckstisch. Material: Hochwertiges Holz, langlebig und robust Handgefertigt: Jedes Brett ein Unikat Personalisierbar: Name, Datum oder kurze Botschaft m\u00f6glich [&hellip;]<\/p>\n","protected":false},"featured_media":245,"comment_status":"open","ping_status":"closed","template":"","meta":[],"product_brand":[22],"product_cat":[15],"product_tag":[],"class_list":{"0":"post-189","1":"product","2":"type-product","3":"status-publish","4":"has-post-thumbnail","6":"product_brand-holzgefluester","7":"product_cat-holzgefluester","8":"product_shipping_class-leichte-pakete","10":"first","11":"instock","12":"shipping-taxable","13":"purchasable","14":"product-type-simple"},"jetpack_sharing_enabled":true,"_links":{"self":[{"href":"http:\/\/imkerei-welter.de\/index.php?rest_route=\/wp\/v2\/product\/189","targetHints":{"allow":["GET"]}}],"collection":[{"href":"http:\/\/imkerei-welter.de\/index.php?rest_route=\/wp\/v2\/product"}],"about":[{"href":"http:\/\/imkerei-welter.de\/index.php?rest_route=\/wp\/v2\/types\/product"}],"replies":[{"embeddable":true,"href":"http:\/\/imkerei-welter.de\/index.php?rest_route=%2Fwp%2Fv2%2Fcomments&post=189"}],"wp:featuredmedia":[{"embeddable":true,"href":"http:\/\/imkerei-welter.de\/index.php?rest_route=\/wp\/v2\/media\/245"}],"wp:attachment":[{"href":"http:\/\/imkerei-welter.de\/index.php?rest_route=%2Fwp%2Fv2%2Fmedia&parent=189"}],"wp:term":[{"taxonomy":"product_brand","embeddable":true,"href":"http:\/\/imkerei-welter.de\/index.php?rest_route=%2Fwp%2Fv2%2Fproduct_brand&post=189"},{"taxonomy":"product_cat","embeddable":true,"href":"http:\/\/imkerei-welter.de\/index.php?rest_route=%2Fwp%2Fv2%2Fproduct_cat&post=189"},{"taxonomy":"product_tag","embeddable":true,"href":"http:\/\/imkerei-welter.de\/index.php?rest_route=%2Fwp%2Fv2%2Fproduct_tag&post=189"}],"curies":[{"name":"wp","href":"https:\/\/api.w.org\/{rel}","templated":true}]}}