{"id":177,"date":"2025-09-18T06:31:16","date_gmt":"2025-09-18T06:31:16","guid":{"rendered":"http:\/\/imkerei-welter.de\/?post_type=product&#038;p=177"},"modified":"2025-12-22T10:43:09","modified_gmt":"2025-12-22T10:43:09","slug":"honig-bienenwachsseife-75g-jetzt-vorbestellen","status":"publish","type":"product","link":"http:\/\/imkerei-welter.de\/?product=honig-bienenwachsseife-75g-jetzt-vorbestellen","title":{"rendered":"Honig-Bienenwachsseife 75g &#8211; ab Februar&#8217;26 wieder verf\u00fcgbar."},"content":{"rendered":"<p data-start=\"244\" data-end=\"503\">Unsere handgemachte <strong data-start=\"264\" data-end=\"290\">Honig-Bienenwachsseife<\/strong> vereint die pflegende Wirkung von Honig mit dem sch\u00fctzenden Bienenwachs aus eigener Imkerei.<br data-start=\"383\" data-end=\"386\" \/>Sanft zur Haut, feuchtigkeitsspendend und zugleich f\u00fcr die Haarw\u00e4sche geeignet \u2013 eine nat\u00fcrliche All-in-One Pflege.<\/p>\n<p data-start=\"505\" data-end=\"703\">\u2714 F\u00fcr <strong data-start=\"511\" data-end=\"531\">K\u00f6rper und H\u00e4nde <\/strong>geeignet<br data-start=\"540\" data-end=\"543\" \/>\u2714 Mit <strong data-start=\"549\" data-end=\"572\">Honig &amp; Bienenwachs<\/strong> aus eigener Herstellung<br data-start=\"596\" data-end=\"599\" \/>\u2714 100 % nat\u00fcrlich, ohne Palm\u00f6l &amp; ohne k\u00fcnstliche Zus\u00e4tze<br data-start=\"655\" data-end=\"658\" \/>\u2714 Handgemacht &amp; mindestens 6 Wochen gereift<\/p>\n<p data-start=\"705\" data-end=\"793\">Eine nachhaltige Pflege f\u00fcr jeden Tag \u2013 regional, nat\u00fcrlich und mit Liebe hergestellt.<\/p>\n<p data-start=\"705\" data-end=\"793\">\n","protected":false},"excerpt":{"rendered":"<p>Unsere handgemachte Honig-Bienenwachsseife vereint die pflegende Wirkung von Honig mit dem sch\u00fctzenden Bienenwachs aus eigener Imkerei.Sanft zur Haut, feuchtigkeitsspendend und zugleich f\u00fcr die Haarw\u00e4sche geeignet \u2013 eine nat\u00fcrliche All-in-One Pflege. \u2714 F\u00fcr K\u00f6rper und H\u00e4nde geeignet\u2714 Mit Honig &amp; Bienenwachs aus eigener Herstellung\u2714 100 % nat\u00fcrlich, ohne Palm\u00f6l &amp; ohne k\u00fcnstliche Zus\u00e4tze\u2714 Handgemacht &amp; mindestens [&hellip;]<\/p>\n","protected":false},"featured_media":222,"comment_status":"open","ping_status":"closed","template":"","meta":[],"product_brand":[],"product_cat":[25],"product_tag":[],"class_list":{"0":"post-177","1":"product","2":"type-product","3":"status-publish","4":"has-post-thumbnail","6":"product_cat-seifenmanufaktur-welter","7":"product_shipping_class-paket","9":"first","10":"onbackorder","11":"shipping-taxable","12":"purchasable","13":"product-type-simple"},"jetpack_sharing_enabled":true,"_links":{"self":[{"href":"http:\/\/imkerei-welter.de\/index.php?rest_route=\/wp\/v2\/product\/177","targetHints":{"allow":["GET"]}}],"collection":[{"href":"http:\/\/imkerei-welter.de\/index.php?rest_route=\/wp\/v2\/product"}],"about":[{"href":"http:\/\/imkerei-welter.de\/index.php?rest_route=\/wp\/v2\/types\/product"}],"replies":[{"embeddable":true,"href":"http:\/\/imkerei-welter.de\/index.php?rest_route=%2Fwp%2Fv2%2Fcomments&post=177"}],"wp:featuredmedia":[{"embeddable":true,"href":"http:\/\/imkerei-welter.de\/index.php?rest_route=\/wp\/v2\/media\/222"}],"wp:attachment":[{"href":"http:\/\/imkerei-welter.de\/index.php?rest_route=%2Fwp%2Fv2%2Fmedia&parent=177"}],"wp:term":[{"taxonomy":"product_brand","embeddable":true,"href":"http:\/\/imkerei-welter.de\/index.php?rest_route=%2Fwp%2Fv2%2Fproduct_brand&post=177"},{"taxonomy":"product_cat","embeddable":true,"href":"http:\/\/imkerei-welter.de\/index.php?rest_route=%2Fwp%2Fv2%2Fproduct_cat&post=177"},{"taxonomy":"product_tag","embeddable":true,"href":"http:\/\/imkerei-welter.de\/index.php?rest_route=%2Fwp%2Fv2%2Fproduct_tag&post=177"}],"curies":[{"name":"wp","href":"https:\/\/api.w.org\/{rel}","templated":true}]}}