{"id":156,"date":"2025-09-17T07:15:23","date_gmt":"2025-09-17T07:15:23","guid":{"rendered":"http:\/\/imkerei-welter.de\/?post_type=product&#038;p=156"},"modified":"2025-12-15T09:33:13","modified_gmt":"2025-12-15T09:33:13","slug":"fruehtrachthonig-bluetenhonig-6er-paket-kopie","status":"publish","type":"product","link":"http:\/\/imkerei-welter.de\/?product=fruehtrachthonig-bluetenhonig-6er-paket-kopie","title":{"rendered":"Fr\u00fchtrachthonig + Bl\u00fctenhonig 6er Paket"},"content":{"rendered":"<div>Echter Deutscher Imkerhonig aus den Bl\u00fcten des Moseltals. Die Bienenv\u00f6lker sammeln diesen Honig im Fr\u00fchjahr und Sommer an der Mosel in Mehring. Aus dem Nektar vieler verschiedener Pflanzenarten entsteht immer wieder ein hochwertiges und einzigartiges Naturprodukt. Farbe, Bukett und Konsistenz werden von den jeweiligen Bl\u00fcten der Saison bestimmt und variieren merklich voneinander. So entsteht durch die Bl\u00fctenpracht im Jahresverlauf ein individuelles und unnachahmliches Geschmackserlebnis. W\u00e4hrend der Erntephase ist Echter Deutscher Honig fl\u00fcssig. Als Naturprodukt ist der Honig naturbelassen und kandiert im Laufe der Zeit. Zum Schutz der wertvollen Inhaltsstoffe sollte die Temperatur dabei nicht \u00fcber 40\u00b0C steigen. Spitzenqualit\u00e4t vom Imker Seit 1925 steht das Markenzeichen Echter Deutscher Honig f\u00fcr ein au\u00dfergew\u00f6hnliches Produkt direkt aus Mutter Natur. Seine Inhaltsstoffe, seine naturverbundene Gewinnung und sein hervorragender Geschmack garantieren Ihnen Genuss auf h\u00f6chstem Niveau. Was drauf steht, ist auch drin \u2013 n\u00e4mlich Honig nur aus deutschen Landen. Strenge Kontrollen sorgen daf\u00fcr, dass nur besonders schonend behandelter Honig das G\u00fctezeichen Echter Deutscher Honig tragen darf. Allesk\u00f6nner Honig. Wussten Sie schon? Honig l\u00e4sst sich als Brotaufstrich oder zum S\u00fc\u00dfen von Getr\u00e4nken oder Speisen verwenden und ist damit vielf\u00e4ltig einsetzbar. Echter Deutscher Bl\u00fctenhonig aus den Bl\u00fcten des hessischen Fr\u00fchlings. Der Honig erf\u00fcllt die Qualit\u00e4tskriterien des Deutschen Imkerbundes (DIB).<\/div>\n","protected":false},"excerpt":{"rendered":"<p>Echter Deutscher Imkerhonig aus den Bl\u00fcten des Moseltals. Die Bienenv\u00f6lker sammeln diesen Honig im Fr\u00fchjahr und Sommer an der Mosel in Mehring. Aus dem Nektar vieler verschiedener Pflanzenarten entsteht immer wieder ein hochwertiges und einzigartiges Naturprodukt. Farbe, Bukett und Konsistenz werden von den jeweiligen Bl\u00fcten der Saison bestimmt und variieren merklich voneinander. So entsteht durch [&hellip;]<\/p>\n","protected":false},"featured_media":104,"comment_status":"open","ping_status":"closed","template":"","meta":[],"product_brand":[23],"product_cat":[21],"product_tag":[],"class_list":{"0":"post-156","1":"product","2":"type-product","3":"status-publish","4":"has-post-thumbnail","6":"product_brand-imkerei-welter","7":"product_cat-imkerei-welter","8":"product_shipping_class-6er-karton-honig","10":"first","11":"instock","12":"shipping-taxable","13":"purchasable","14":"product-type-simple"},"jetpack_sharing_enabled":true,"_links":{"self":[{"href":"http:\/\/imkerei-welter.de\/index.php?rest_route=\/wp\/v2\/product\/156","targetHints":{"allow":["GET"]}}],"collection":[{"href":"http:\/\/imkerei-welter.de\/index.php?rest_route=\/wp\/v2\/product"}],"about":[{"href":"http:\/\/imkerei-welter.de\/index.php?rest_route=\/wp\/v2\/types\/product"}],"replies":[{"embeddable":true,"href":"http:\/\/imkerei-welter.de\/index.php?rest_route=%2Fwp%2Fv2%2Fcomments&post=156"}],"wp:featuredmedia":[{"embeddable":true,"href":"http:\/\/imkerei-welter.de\/index.php?rest_route=\/wp\/v2\/media\/104"}],"wp:attachment":[{"href":"http:\/\/imkerei-welter.de\/index.php?rest_route=%2Fwp%2Fv2%2Fmedia&parent=156"}],"wp:term":[{"taxonomy":"product_brand","embeddable":true,"href":"http:\/\/imkerei-welter.de\/index.php?rest_route=%2Fwp%2Fv2%2Fproduct_brand&post=156"},{"taxonomy":"product_cat","embeddable":true,"href":"http:\/\/imkerei-welter.de\/index.php?rest_route=%2Fwp%2Fv2%2Fproduct_cat&post=156"},{"taxonomy":"product_tag","embeddable":true,"href":"http:\/\/imkerei-welter.de\/index.php?rest_route=%2Fwp%2Fv2%2Fproduct_tag&post=156"}],"curies":[{"name":"wp","href":"https:\/\/api.w.org\/{rel}","templated":true}]}}