{"id":153,"date":"2025-09-17T06:50:12","date_gmt":"2025-09-17T06:50:12","guid":{"rendered":"http:\/\/imkerei-welter.de\/?page_id=153"},"modified":"2025-12-15T14:54:44","modified_gmt":"2025-12-15T14:54:44","slug":"seifenmanufaktur-welter","status":"publish","type":"page","link":"http:\/\/imkerei-welter.de\/?page_id=153","title":{"rendered":"Seifenmanufaktur Welter"},"content":{"rendered":"\n<h3 class=\"wp-block-heading\">Unsere Honig-Bienenwachsseife \u2013 Nat\u00fcrlich. Handgemacht. Einzigartig.<\/h3>\n\n\n\n<p>In unserer <strong>Seifenmanufaktur Welter<\/strong> entsteht jede Bienenwachsseife in liebevoller Handarbeit.<br>Wir verwenden ausschlie\u00dflich <strong>nat\u00fcrliche und biologische Zutaten<\/strong>, vereint mit <strong>Bienenwachs und Honig aus unserer eigenen Imkerei<\/strong>. So verbinden wir das Beste aus Handwerkskunst und Natur.<\/p>\n\n\n\n<p>\ud83c\udf3f <strong>Sanfte Pflege:<\/strong><br>Die wertvollen Inhaltsstoffe reinigen die Haut mild und bewahren ihre nat\u00fcrliche Feuchtigkeit.<\/p>\n\n\n\n<p>\ud83d\udc1d <strong>Mit Bienenkraft:<\/strong><br>Das Bienenwachs sorgt f\u00fcr eine cremige Konsistenz, w\u00e4hrend unser Honig die Haut geschmeidig und zart macht.<\/p>\n\n\n\n<p>\u2728 <strong>Handgemacht &amp; nachhaltig:<\/strong><br>Jedes St\u00fcck Seife ist ein Unikat, hergestellt ohne k\u00fcnstliche Zus\u00e4tze, Palm\u00f6l oder Plastikverpackung.<\/p>\n\n\n\n<p>Unsere Bienenwachsseife ist nicht nur ein St\u00fcck Pflege, sondern ein St\u00fcck Natur \u2013 direkt von der Mosel, f\u00fcr dich.<\/p>\n\n\n\n<figure class=\"wp-block-image size-full\"><img loading=\"lazy\" decoding=\"async\" width=\"1024\" height=\"1024\" src=\"http:\/\/imkerei-welter.de\/wp-content\/uploads\/2025\/09\/Seifen-1.jpg\" alt=\"\" class=\"wp-image-162\"\/><\/figure>\n","protected":false},"excerpt":{"rendered":"<p>Unsere Honig-Bienenwachsseife \u2013 Nat\u00fcrlich. Handgemacht. Einzigartig. In unserer Seifenmanufaktur Welter entsteht jede Bienenwachsseife in liebevoller Handarbeit.Wir verwenden ausschlie\u00dflich nat\u00fcrliche und biologische Zutaten, vereint mit Bienenwachs und Honig aus unserer eigenen Imkerei. So verbinden wir das Beste aus Handwerkskunst und Natur. \ud83c\udf3f Sanfte Pflege:Die wertvollen Inhaltsstoffe reinigen die Haut mild und bewahren ihre nat\u00fcrliche Feuchtigkeit. \ud83d\udc1d [&hellip;]<\/p>\n","protected":false},"author":1,"featured_media":0,"parent":0,"menu_order":2,"comment_status":"closed","ping_status":"closed","template":"","meta":{"footnotes":""},"class_list":["post-153","page","type-page","status-publish","hentry"],"jetpack_sharing_enabled":true,"_links":{"self":[{"href":"http:\/\/imkerei-welter.de\/index.php?rest_route=\/wp\/v2\/pages\/153","targetHints":{"allow":["GET"]}}],"collection":[{"href":"http:\/\/imkerei-welter.de\/index.php?rest_route=\/wp\/v2\/pages"}],"about":[{"href":"http:\/\/imkerei-welter.de\/index.php?rest_route=\/wp\/v2\/types\/page"}],"author":[{"embeddable":true,"href":"http:\/\/imkerei-welter.de\/index.php?rest_route=\/wp\/v2\/users\/1"}],"replies":[{"embeddable":true,"href":"http:\/\/imkerei-welter.de\/index.php?rest_route=%2Fwp%2Fv2%2Fcomments&post=153"}],"version-history":[{"count":6,"href":"http:\/\/imkerei-welter.de\/index.php?rest_route=\/wp\/v2\/pages\/153\/revisions"}],"predecessor-version":[{"id":239,"href":"http:\/\/imkerei-welter.de\/index.php?rest_route=\/wp\/v2\/pages\/153\/revisions\/239"}],"wp:attachment":[{"href":"http:\/\/imkerei-welter.de\/index.php?rest_route=%2Fwp%2Fv2%2Fmedia&parent=153"}],"curies":[{"name":"wp","href":"https:\/\/api.w.org\/{rel}","templated":true}]}}